{"id":2984,"date":"2024-01-04T13:26:53","date_gmt":"2024-01-04T13:26:53","guid":{"rendered":"http:\/\/dev.pompi.shop\/do-kasy\/"},"modified":"2024-06-27T00:08:36","modified_gmt":"2024-06-27T00:08:36","slug":"do-kasy","status":"publish","type":"page","link":"https:\/\/dev.pompi.shop\/pl\/do-kasy\/","title":{"rendered":"Zam\u00f3wienia"},"content":{"rendered":"\t\t<div data-elementor-type=\"wp-page\" data-elementor-id=\"2984\" class=\"elementor elementor-2984 elementor-13\" data-elementor-post-type=\"page\">\n\t\t\t\t<div class=\"elementor-element elementor-element-2ab3b2d3 e-flex e-con-boxed e-con e-parent\" data-id=\"2ab3b2d3\" data-element_type=\"container\" data-settings=\"{&quot;jet_parallax_layout_list&quot;:[]}\">\n\t\t\t\t\t<div class=\"e-con-inner\">\n\t\t\t\t<div class=\"elementor-element elementor-element-73e6c41 elementor-widget elementor-widget-sellkit-checkout\" data-id=\"73e6c41\" data-element_type=\"widget\" data-settings=\"{&quot;show_sticky_cart_details&quot;:&quot;yes&quot;}\" data-widget_type=\"sellkit-checkout.default\">\n\t\t\t\t<div class=\"elementor-widget-container\">\n\t\t\t\t\t<div class=\"sellkit-checkout-widget-multi-page-build sellkit-checkout-widget-main-wrapper\" ><div class=\"woocommerce\"><\/div><\/div>\t\t\t\t<\/div>\n\t\t\t\t<\/div>\n\t\t\t\t\t<\/div>\n\t\t\t\t<\/div>\n\t\t\t\t<\/div>\n\t\t","protected":false},"excerpt":{"rendered":"<p>Koszyk Information Wysy\u0142ka P\u0142atno\u015b\u0107 Dane kontaktowe Adres e-mail Adres do wysy\u0142ki Nazwa firmy NIP: First Name This field is required. Last Name Address apartment, suit, unit, etc. Country Select a country\u2026PolskaStany Zjednoczone State Postal code City Kontynuuj wysy\u0142k\u0119 Kontakt Zmie\u0144 Wy\u015blij do Zmie\u0144 Wr\u00f3\u0107 do poprzedniego kroku Przejd\u017a do p\u0142atno\u015bci Kontakt Zmie\u0144 Wy\u015blij do Zmie\u0144 [&hellip;]<\/p>\n","protected":false},"author":1,"featured_media":0,"parent":0,"menu_order":0,"comment_status":"closed","ping_status":"closed","template":"elementor_header_footer","meta":{"_acf_changed":false,"footnotes":""},"class_list":["post-2984","page","type-page","status-publish","hentry"],"acf":[],"_links":{"self":[{"href":"https:\/\/dev.pompi.shop\/pl\/wp-json\/wp\/v2\/pages\/2984","targetHints":{"allow":["GET"]}}],"collection":[{"href":"https:\/\/dev.pompi.shop\/pl\/wp-json\/wp\/v2\/pages"}],"about":[{"href":"https:\/\/dev.pompi.shop\/pl\/wp-json\/wp\/v2\/types\/page"}],"author":[{"embeddable":true,"href":"https:\/\/dev.pompi.shop\/pl\/wp-json\/wp\/v2\/users\/1"}],"replies":[{"embeddable":true,"href":"https:\/\/dev.pompi.shop\/pl\/wp-json\/wp\/v2\/comments?post=2984"}],"version-history":[{"count":8,"href":"https:\/\/dev.pompi.shop\/pl\/wp-json\/wp\/v2\/pages\/2984\/revisions"}],"predecessor-version":[{"id":4955,"href":"https:\/\/dev.pompi.shop\/pl\/wp-json\/wp\/v2\/pages\/2984\/revisions\/4955"}],"wp:attachment":[{"href":"https:\/\/dev.pompi.shop\/pl\/wp-json\/wp\/v2\/media?parent=2984"}],"curies":[{"name":"wp","href":"https:\/\/api.w.org\/{rel}","templated":true}]}}