{"id":2985,"date":"2024-01-04T13:26:53","date_gmt":"2024-01-04T13:26:53","guid":{"rendered":"http:\/\/dev.pompi.shop\/moje-konto\/"},"modified":"2024-06-27T14:00:15","modified_gmt":"2024-06-27T14:00:15","slug":"moje-konto","status":"publish","type":"page","link":"https:\/\/dev.pompi.shop\/pl\/moje-konto\/","title":{"rendered":"Moje konto"},"content":{"rendered":"\t\t<div data-elementor-type=\"wp-page\" data-elementor-id=\"2985\" class=\"elementor elementor-2985 elementor-14\" data-elementor-post-type=\"page\">\n\t\t\t\t<div class=\"elementor-element elementor-element-75abebd e-flex e-con-boxed e-con e-parent\" data-id=\"75abebd\" data-element_type=\"container\" data-settings=\"{&quot;background_background&quot;:&quot;classic&quot;,&quot;jet_parallax_layout_list&quot;:[]}\">\n\t\t\t\t\t<div class=\"e-con-inner\">\n\t\t\t\t<div class=\"elementor-element elementor-element-86231a5 elementor-widget__width-initial elementor-widget elementor-widget-heading\" data-id=\"86231a5\" data-element_type=\"widget\" data-widget_type=\"heading.default\">\n\t\t\t\t\t<h2 class=\"elementor-heading-title elementor-size-default\">Twoje \nPanel<\/h2>\t\t\t\t<\/div>\n\t\t\t\t<div class=\"elementor-element elementor-element-73ad68c elementor-widget__width-initial elementor-widget elementor-widget-text-editor\" data-id=\"73ad68c\" data-element_type=\"widget\" data-widget_type=\"text-editor.default\">\n\t\t\t\t\t\t\t\t\t<p>Aby zalogowa\u0107 si\u0119 do naszego sklepu internetowego, prosimy o wpisanie w odpowiednich polach zarejestrowanego adresu e-mail i has\u0142a. Je\u017celi nie posiadasz u nas konta, mo\u017cesz je za\u0142o\u017cy\u0107 klikaj\u0105c na przycisk \u201eZarejestruj si\u0119\u201d i podaj\u0105c swoje dane.<\/p>\n<p>Po zalogowaniu b\u0119dziesz mie\u0107 dost\u0119p do danych swojego konta i przegl\u0105dania historii zam\u00f3wie\u0144. Mo\u017cesz tak\u017ce doda\u0107 nowe produkty do koszyka i przej\u015b\u0107 do kasy, aby zapewni\u0107 bezproblemowe zakupy.<\/p>\n<p>Je\u017celi nie posiadasz u nas konta, mo\u017cesz je za\u0142o\u017cy\u0107 klikaj\u0105c na przycisk \u201eZarejestruj si\u0119\u201d i podaj\u0105c swoje dane. Je\u015bli nadal b\u0119dziesz napotyka\u0107 jakiekolwiek problemy, skontaktuj si\u0119 z naszym zespo\u0142em obs\u0142ugi klienta w celu uzyskania pomocy Szcz\u0119\u015bliwych zakupy!<\/p>\n\t\t\t\t\t\t\t\t<\/div>\n\t\t\t\t\t<\/div>\n\t\t\t\t<\/div>\n\t\t<div class=\"elementor-element elementor-element-5eeb2a e-flex e-con-boxed e-con e-parent\" data-id=\"5eeb2a\" data-element_type=\"container\" data-settings=\"{&quot;jet_parallax_layout_list&quot;:[]}\">\n\t\t\t\t\t<div class=\"e-con-inner\">\n\t\t\t\t<div class=\"elementor-element elementor-element-a18e681 icon-aligned-left elementor-widget elementor-widget-raven-my-account\" data-id=\"a18e681\" data-element_type=\"widget\" data-widget_type=\"raven-my-account.default\">\n\t\t\t\t<div class=\"elementor-widget-container\">\n\t\t\t\t\t\t\t<div class=\"raven-my-account-tab raven-my-account-tab__dashboard\">\r\n\t\t\t<span class=\"elementor-hidden\">[woocommerce_my_account]<\/span>\r\n\t\t\t<div class=\"woocommerce\"><\/div>\t\t<\/div>\r\n\t\t\t\t\t\t<\/div>\n\t\t\t\t<\/div>\n\t\t\t\t\t<\/div>\n\t\t\t\t<\/div>\n\t\t\t\t<\/div>\n\t\t","protected":false},"excerpt":{"rendered":"<p>Twoje Panel Aby zalogowa\u0107 si\u0119 do naszego sklepu internetowego, prosimy o wpisanie w odpowiednich polach zarejestrowanego adresu e-mail i has\u0142a. Je\u017celi nie posiadasz u nas konta, mo\u017cesz je za\u0142o\u017cy\u0107 klikaj\u0105c na przycisk \u201eZarejestruj si\u0119\u201d i podaj\u0105c swoje dane. Po zalogowaniu b\u0119dziesz mie\u0107 dost\u0119p do danych swojego konta i przegl\u0105dania historii zam\u00f3wie\u0144. Mo\u017cesz tak\u017ce doda\u0107 nowe [&hellip;]<\/p>\n","protected":false},"author":1,"featured_media":0,"parent":0,"menu_order":0,"comment_status":"closed","ping_status":"closed","template":"elementor_header_footer","meta":{"_acf_changed":false,"footnotes":""},"class_list":["post-2985","page","type-page","status-publish","hentry"],"acf":[],"_links":{"self":[{"href":"https:\/\/dev.pompi.shop\/pl\/wp-json\/wp\/v2\/pages\/2985","targetHints":{"allow":["GET"]}}],"collection":[{"href":"https:\/\/dev.pompi.shop\/pl\/wp-json\/wp\/v2\/pages"}],"about":[{"href":"https:\/\/dev.pompi.shop\/pl\/wp-json\/wp\/v2\/types\/page"}],"author":[{"embeddable":true,"href":"https:\/\/dev.pompi.shop\/pl\/wp-json\/wp\/v2\/users\/1"}],"replies":[{"embeddable":true,"href":"https:\/\/dev.pompi.shop\/pl\/wp-json\/wp\/v2\/comments?post=2985"}],"version-history":[{"count":5,"href":"https:\/\/dev.pompi.shop\/pl\/wp-json\/wp\/v2\/pages\/2985\/revisions"}],"predecessor-version":[{"id":5048,"href":"https:\/\/dev.pompi.shop\/pl\/wp-json\/wp\/v2\/pages\/2985\/revisions\/5048"}],"wp:attachment":[{"href":"https:\/\/dev.pompi.shop\/pl\/wp-json\/wp\/v2\/media?parent=2985"}],"curies":[{"name":"wp","href":"https:\/\/api.w.org\/{rel}","templated":true}]}}